{"id":32,"date":"2014-04-24T13:45:43","date_gmt":"2014-04-24T11:45:43","guid":{"rendered":"http:\/\/renner-aufhausen.de\/?page_id=32"},"modified":"2026-01-27T09:46:46","modified_gmt":"2026-01-27T07:46:46","slug":"startseite","status":"publish","type":"page","link":"https:\/\/muellbox.de\/","title":{"rendered":"Startseite"},"content":{"rendered":"<p>Herzlich willkommen bei www.muellbox.de<\/p>\n<p>M\u00fcllboxen aus Stahl &#8211; Beton &#8211; Edelstahl &#8211; Holz<\/p>\n","protected":false},"excerpt":{"rendered":"<p>Herzlich willkommen bei www.muellbox.de M\u00fcllboxen aus Stahl &#8211; Beton &#8211; Edelstahl &#8211; Holz<\/p>\n","protected":false},"author":1,"featured_media":0,"parent":0,"menu_order":0,"comment_status":"open","ping_status":"open","template":"","meta":{"jetpack_post_was_ever_published":false,"footnotes":""},"class_list":["post-32","page","type-page","status-publish","czr-hentry"],"yoast_head":"<!-- This site is optimized with the Yoast SEO plugin v27.3 - https:\/\/yoast.com\/product\/yoast-seo-wordpress\/ -->\n<title>Startseite - Rudolf Renner GmbH - M\u00fcllboxen<\/title>\n<meta name=\"robots\" content=\"index, follow, max-snippet:-1, max-image-preview:large, max-video-preview:-1\" \/>\n<link rel=\"canonical\" href=\"https:\/\/muellbox.de\/\" \/>\n<meta property=\"og:locale\" content=\"de_DE\" \/>\n<meta property=\"og:type\" content=\"article\" \/>\n<meta property=\"og:title\" content=\"Startseite - Rudolf Renner GmbH - M\u00fcllboxen\" \/>\n<meta property=\"og:description\" content=\"Herzlich willkommen bei www.muellbox.de M\u00fcllboxen aus Stahl &#8211; Beton &#8211; Edelstahl &#8211; Holz\" \/>\n<meta property=\"og:url\" content=\"https:\/\/muellbox.de\/\" \/>\n<meta property=\"og:site_name\" content=\"Rudolf Renner GmbH - M\u00fcllboxen\" \/>\n<meta property=\"article:publisher\" content=\"https:\/\/www.facebook.com\/Muellbox\/\" \/>\n<meta property=\"article:modified_time\" content=\"2026-01-27T07:46:46+00:00\" \/>\n<meta name=\"twitter:card\" content=\"summary_large_image\" \/>\n<meta name=\"twitter:label1\" content=\"Gesch\u00e4tzte Lesezeit\" \/>\n\t<meta name=\"twitter:data1\" content=\"1\u00a0Minute\" \/>\n<script type=\"application\/ld+json\" class=\"yoast-schema-graph\">{\"@context\":\"https:\\\/\\\/schema.org\",\"@graph\":[{\"@type\":\"WebPage\",\"@id\":\"https:\\\/\\\/muellbox.de\\\/\",\"url\":\"https:\\\/\\\/muellbox.de\\\/\",\"name\":\"Startseite - Rudolf Renner GmbH - M\u00fcllboxen\",\"isPartOf\":{\"@id\":\"https:\\\/\\\/muellbox.de\\\/#website\"},\"datePublished\":\"2014-04-24T11:45:43+00:00\",\"dateModified\":\"2026-01-27T07:46:46+00:00\",\"breadcrumb\":{\"@id\":\"https:\\\/\\\/muellbox.de\\\/#breadcrumb\"},\"inLanguage\":\"de\",\"potentialAction\":[{\"@type\":\"ReadAction\",\"target\":[\"https:\\\/\\\/muellbox.de\\\/\"]}]},{\"@type\":\"BreadcrumbList\",\"@id\":\"https:\\\/\\\/muellbox.de\\\/#breadcrumb\",\"itemListElement\":[{\"@type\":\"ListItem\",\"position\":1,\"name\":\"Start\",\"item\":\"https:\\\/\\\/muellbox.de\\\/\"},{\"@type\":\"ListItem\",\"position\":2,\"name\":\"Startseite\"}]},{\"@type\":\"WebSite\",\"@id\":\"https:\\\/\\\/muellbox.de\\\/#website\",\"url\":\"https:\\\/\\\/muellbox.de\\\/\",\"name\":\"Rudolf Renner GmbH - M\u00fcllboxen\",\"description\":\"www.muellbox.de - M\u00fcllboxen f\u00fcr ihr Haus\",\"publisher\":{\"@id\":\"https:\\\/\\\/muellbox.de\\\/#organization\"},\"potentialAction\":[{\"@type\":\"SearchAction\",\"target\":{\"@type\":\"EntryPoint\",\"urlTemplate\":\"https:\\\/\\\/muellbox.de\\\/?s={search_term_string}\"},\"query-input\":{\"@type\":\"PropertyValueSpecification\",\"valueRequired\":true,\"valueName\":\"search_term_string\"}}],\"inLanguage\":\"de\"},{\"@type\":\"Organization\",\"@id\":\"https:\\\/\\\/muellbox.de\\\/#organization\",\"name\":\"Rudolf Renner GmbH - M\u00fcllboxen\",\"url\":\"https:\\\/\\\/muellbox.de\\\/\",\"logo\":{\"@type\":\"ImageObject\",\"inLanguage\":\"de\",\"@id\":\"https:\\\/\\\/muellbox.de\\\/#\\\/schema\\\/logo\\\/image\\\/\",\"url\":\"https:\\\/\\\/muellbox.de\\\/wp-content\\\/uploads\\\/2015\\\/09\\\/Renner-Favi_icon.png\",\"contentUrl\":\"https:\\\/\\\/muellbox.de\\\/wp-content\\\/uploads\\\/2015\\\/09\\\/Renner-Favi_icon.png\",\"width\":250,\"height\":100,\"caption\":\"Rudolf Renner GmbH - M\u00fcllboxen\"},\"image\":{\"@id\":\"https:\\\/\\\/muellbox.de\\\/#\\\/schema\\\/logo\\\/image\\\/\"},\"sameAs\":[\"https:\\\/\\\/www.facebook.com\\\/Muellbox\\\/\"]}]}<\/script>\n<!-- \/ Yoast SEO plugin. -->","yoast_head_json":{"title":"Startseite - Rudolf Renner GmbH - M\u00fcllboxen","robots":{"index":"index","follow":"follow","max-snippet":"max-snippet:-1","max-image-preview":"max-image-preview:large","max-video-preview":"max-video-preview:-1"},"canonical":"https:\/\/muellbox.de\/","og_locale":"de_DE","og_type":"article","og_title":"Startseite - Rudolf Renner GmbH - M\u00fcllboxen","og_description":"Herzlich willkommen bei www.muellbox.de M\u00fcllboxen aus Stahl &#8211; Beton &#8211; Edelstahl &#8211; Holz","og_url":"https:\/\/muellbox.de\/","og_site_name":"Rudolf Renner GmbH - M\u00fcllboxen","article_publisher":"https:\/\/www.facebook.com\/Muellbox\/","article_modified_time":"2026-01-27T07:46:46+00:00","twitter_card":"summary_large_image","twitter_misc":{"Gesch\u00e4tzte Lesezeit":"1\u00a0Minute"},"schema":{"@context":"https:\/\/schema.org","@graph":[{"@type":"WebPage","@id":"https:\/\/muellbox.de\/","url":"https:\/\/muellbox.de\/","name":"Startseite - Rudolf Renner GmbH - M\u00fcllboxen","isPartOf":{"@id":"https:\/\/muellbox.de\/#website"},"datePublished":"2014-04-24T11:45:43+00:00","dateModified":"2026-01-27T07:46:46+00:00","breadcrumb":{"@id":"https:\/\/muellbox.de\/#breadcrumb"},"inLanguage":"de","potentialAction":[{"@type":"ReadAction","target":["https:\/\/muellbox.de\/"]}]},{"@type":"BreadcrumbList","@id":"https:\/\/muellbox.de\/#breadcrumb","itemListElement":[{"@type":"ListItem","position":1,"name":"Start","item":"https:\/\/muellbox.de\/"},{"@type":"ListItem","position":2,"name":"Startseite"}]},{"@type":"WebSite","@id":"https:\/\/muellbox.de\/#website","url":"https:\/\/muellbox.de\/","name":"Rudolf Renner GmbH - M\u00fcllboxen","description":"www.muellbox.de - M\u00fcllboxen f\u00fcr ihr Haus","publisher":{"@id":"https:\/\/muellbox.de\/#organization"},"potentialAction":[{"@type":"SearchAction","target":{"@type":"EntryPoint","urlTemplate":"https:\/\/muellbox.de\/?s={search_term_string}"},"query-input":{"@type":"PropertyValueSpecification","valueRequired":true,"valueName":"search_term_string"}}],"inLanguage":"de"},{"@type":"Organization","@id":"https:\/\/muellbox.de\/#organization","name":"Rudolf Renner GmbH - M\u00fcllboxen","url":"https:\/\/muellbox.de\/","logo":{"@type":"ImageObject","inLanguage":"de","@id":"https:\/\/muellbox.de\/#\/schema\/logo\/image\/","url":"https:\/\/muellbox.de\/wp-content\/uploads\/2015\/09\/Renner-Favi_icon.png","contentUrl":"https:\/\/muellbox.de\/wp-content\/uploads\/2015\/09\/Renner-Favi_icon.png","width":250,"height":100,"caption":"Rudolf Renner GmbH - M\u00fcllboxen"},"image":{"@id":"https:\/\/muellbox.de\/#\/schema\/logo\/image\/"},"sameAs":["https:\/\/www.facebook.com\/Muellbox\/"]}]}},"jetpack_sharing_enabled":true,"jetpack_shortlink":"https:\/\/wp.me\/P9XgE9-w","_links":{"self":[{"href":"https:\/\/muellbox.de\/index.php?rest_route=\/wp\/v2\/pages\/32","targetHints":{"allow":["GET"]}}],"collection":[{"href":"https:\/\/muellbox.de\/index.php?rest_route=\/wp\/v2\/pages"}],"about":[{"href":"https:\/\/muellbox.de\/index.php?rest_route=\/wp\/v2\/types\/page"}],"author":[{"embeddable":true,"href":"https:\/\/muellbox.de\/index.php?rest_route=\/wp\/v2\/users\/1"}],"replies":[{"embeddable":true,"href":"https:\/\/muellbox.de\/index.php?rest_route=%2Fwp%2Fv2%2Fcomments&post=32"}],"version-history":[{"count":3,"href":"https:\/\/muellbox.de\/index.php?rest_route=\/wp\/v2\/pages\/32\/revisions"}],"predecessor-version":[{"id":353,"href":"https:\/\/muellbox.de\/index.php?rest_route=\/wp\/v2\/pages\/32\/revisions\/353"}],"wp:attachment":[{"href":"https:\/\/muellbox.de\/index.php?rest_route=%2Fwp%2Fv2%2Fmedia&parent=32"}],"curies":[{"name":"wp","href":"https:\/\/api.w.org\/{rel}","templated":true}]}}